{"id":235,"date":"2019-08-07T15:27:02","date_gmt":"2019-08-07T13:27:02","guid":{"rendered":"https:\/\/infolabs-telecom.fr\/?page_id=235"},"modified":"2020-09-23T18:05:44","modified_gmt":"2020-09-23T16:05:44","slug":"mesmerize","status":"publish","type":"page","link":"https:\/\/www.infolabs-telecom.fr\/","title":{"rendered":"ACCUEIL"},"content":{"rendered":"<div id=\"overlappable-4\" class=\"overlappable-4 content-section content-section-spacing\" style=\"background-color: #ffffff;\" data-label=\"Overlappable\" data-id=\"overlappable-4\" data-export-id=\"overlappable-4\" data-category=\"overlappable\" data-overlap=\"true\">\n<div class=\"\">\n<div class=\"row spaced-cols text-center\" data-type=\"row\">\n<div class=\"col-xs-12 col-sm-4 col-padding\"><a data-cp-link=\"1\" href=\"https:\/\/infolabs-telecom.fr?page_id=179\" target=\"_self\" rel=\"noopener noreferrer\"><i class=\"fa icon shadow-large-black aligncenter color1 fa-server reverse round large\"><\/i><\/a>\n<div class=\"\" data-type=\"column\">\n<h5 class=\"\"><span style=\"color: #339966;\">DEPLOIEMENT DE SERVEURS<\/span><\/h5>\n<p class=\"\"><strong><span style=\"color: #33cccc;\">Toute les PMEs et TPEs ont besoin d\u2019un serveur afin de centraliser les informations et les donn\u00e9es.<\/span><\/strong><\/p>\n\n<\/div>\n<\/div>\n<div class=\"col-xs-12 col-sm-4 col-padding\"><a data-cp-link=\"1\" href=\"https:\/\/infolabs-telecom.fr?page_id=479\" target=\"_self\" rel=\"noopener noreferrer\"><i class=\"fa icon shadow-large-black aligncenter color1 fa-cogs reverse round large\"><\/i><\/a>\n<div class=\"\" data-type=\"column\">\n<h5 class=\"\"><span style=\"color: #339966;\">SOLUTION DE SECURITE<\/span><\/h5>\n<p class=\"\"><strong><span style=\"color: #33cccc;\">Elle est r\u00e9seau ou simple logiciel, mais indispensable.<\/span><\/strong><\/p>\n\n<\/div>\n<\/div>\n<div class=\"col-xs-12 col-sm-4 col-padding\"><a data-cp-link=\"1\" href=\"https:\/\/infolabs-telecom.fr?page_id=408\" target=\"_self\" rel=\"noopener noreferrer\"><i class=\"fa icon shadow-large-black aligncenter color1 fa-headphones reverse round large\"><\/i><\/a>\n<div class=\"\" data-type=\"column\">\n<h5 class=\"\"><span style=\"color: #339966;\">TELEPHONIE<\/span><\/h5>\n<h6 class=\"\"><span style=\"color: #33cccc;\">Wildix une solution qui \u00e9volue avec son temps.<\/span><\/h6>\n<\/div>\n<\/div>\n<\/div>\n<\/div>\n<\/div>\n<div id=\"about-1\" class=\"about-1 content-section\" style=\"background-color: #f5fafd;\" data-label=\"About\" data-id=\"about-1\" data-export-id=\"about-1\" data-category=\"about\">\n<div class=\"gridContainer\">\n<div class=\"row text-center\">\n<div class=\"section-title-col\" data-type=\"column\">\n<h2 class=\"\"><span style=\"color: #33cccc;\">Une t\u00e9l\u00e9phonie toujours plus \u00e9volu\u00e9e<\/span><\/h2>\n<h6 class=\"\"><span style=\"color: #339966;\">Wildix une gamme de&nbsp;<\/span><span style=\"color: #339966;\">t\u00e9l\u00e9phone qui \u00e9volue avec son temps et propose toujours une solution \u00e0 toute \u00e9ventualit\u00e9.<\/span><\/h6>\n<a class=\"button blue\" href=\"https:\/\/infolabs-telecom.fr?page_id=408\" target=\"_blank\" rel=\"noopener noreferrer\" data-cp-link=\"1\">T\u00e9l\u00e9phonie<\/a>\n\n<\/div>\n<\/div>\n<div class=\"row\">\n<div class=\"button-holder space-bottom space-bottom-small\" data-type=\"column\"><\/div>\n<div class=\"col-xs bottom-xs flexbox image-group-bottom-3-img space-bottom-xs center-xs\"><img decoding=\"async\" class=\"left-img shadow-large-black\" title=\"supervision-1\" src=\"https:\/\/infolabs-telecom.fr\/wp-content\/uploads\/2019\/08\/supervision-1.jpg\" alt=\"\" data-size=\"500x300\"> <img decoding=\"async\" class=\"center-img shadow-large-black\" title=\"wp410-1-o5q2npn60e18dx3jioixjz8btsiy376i0tfeb7wop4\" src=\"https:\/\/infolabs-telecom.fr\/wp-content\/uploads\/2019\/08\/wp410-1-o5q2npn60e18dx3jioixjz8btsiy376i0tfeb7wop4.jpg\" alt=\"\" data-size=\"500x300\"> <img decoding=\"async\" class=\"right-img shadow-large-black\" title=\"cropped-wp480-3-o5hshm5jwjv4r4z13t48hov1hbiusfk5jyxp63gkqw.jpg\" src=\"https:\/\/infolabs-telecom.fr\/wp-content\/uploads\/2019\/08\/cropped-wp480-3-o5hshm5jwjv4r4z13t48hov1hbiusfk5jyxp63gkqw.jpg\" alt=\"\" data-size=\"500x300\"><\/div>\n<\/div>\n<\/div>\n<\/div>\n<div id=\"about-2\" class=\"about-4 content-section content-section-spacing\" style=\"background-color: #ffffff;\" data-label=\"About\" data-id=\"about--1\" data-export-id=\"about-4\" data-category=\"about\">\n<div class=\"gridContainer\">\n<div class=\"row middle-sm text-center\">\n<div class=\"col-sm-5 space-bottom-xs\" data-type=\"column\">\n<h2 class=\"\"><span style=\"color: #33cccc;\">Un gamme \u00e9tendue de serveurs<\/span><\/h2>\n<p class=\"\"><strong><span style=\"color: #339966;\">Que cela soit Hewlett Packard ou Lenovo Infolabs Telecom saura vous satisfaire<\/span><\/strong>\n<strong><span style=\"color: #339966;\">&nbsp;avec une large gamme de serveurs en fonction de vos besoins.<\/span><\/strong><\/p>\n<a class=\"button color1\" href=\"https:\/\/infolabs-telecom.fr?page_id=371\" target=\"_blank\" rel=\"noopener noreferrer\" data-cp-link=\"1\">Informatique<\/a>\n\n<\/div>\n<div class=\"col-sm-7 flexbox center-xs middle-xs image-group-2-img\"><img decoding=\"async\" class=\"img-1 shadow-large\" title=\"cropped-IMG-server-2.jpg\" src=\"https:\/\/infolabs-telecom.fr\/wp-content\/uploads\/2019\/08\/cropped-IMG-server-2.jpg\" alt=\"\" data-size=\"250x200\"> <img decoding=\"async\" class=\"img-2 shadow-large\" title=\"cropped-IMG-server-1.jpg\" src=\"https:\/\/infolabs-telecom.fr\/wp-content\/uploads\/2019\/08\/cropped-IMG-server-1.jpg\" alt=\"\" data-size=\"220x170\"><\/div>\n<\/div>\n<\/div>\n<\/div>","protected":false},"excerpt":{"rendered":"<p>DEPLOIEMENT DE SERVEURS Toute les PMEs et TPEs ont besoin d\u2019un serveur afin de centraliser les informations et les donn\u00e9es. SOLUTION DE SECURITE Elle est r\u00e9seau ou simple logiciel, mais indispensable. TELEPHONIE Wildix une solution qui \u00e9volue avec son temps. Une t\u00e9l\u00e9phonie toujours plus \u00e9volu\u00e9e Wildix une gamme de&nbsp;t\u00e9l\u00e9phone qui \u00e9volue avec son temps et&hellip; <br \/> <a class=\"read-more\" href=\"https:\/\/www.infolabs-telecom.fr\/\">Lire la suite<\/a><\/p>\n","protected":false},"author":1,"featured_media":0,"parent":0,"menu_order":0,"comment_status":"closed","ping_status":"closed","template":"page-templates\/homepage.php","meta":{"_exactmetrics_skip_tracking":false,"_exactmetrics_sitenote_active":false,"_exactmetrics_sitenote_note":"","_exactmetrics_sitenote_category":0,"footnotes":""},"yoast_head":"<!-- This site is optimized with the Yoast SEO plugin v22.2 - https:\/\/yoast.com\/wordpress\/plugins\/seo\/ -->\n<title>ACCUEIL - Infolabs Telecom<\/title>\n<meta name=\"robots\" content=\"index, follow, max-snippet:-1, max-image-preview:large, max-video-preview:-1\" \/>\n<link rel=\"canonical\" href=\"https:\/\/www.infolabs-telecom.fr\/\" \/>\n<meta property=\"og:locale\" content=\"fr_FR\" \/>\n<meta property=\"og:type\" content=\"article\" \/>\n<meta property=\"og:title\" content=\"ACCUEIL - Infolabs Telecom\" \/>\n<meta property=\"og:description\" content=\"DEPLOIEMENT DE SERVEURS Toute les PMEs et TPEs ont besoin d\u2019un serveur afin de centraliser les informations et les donn\u00e9es. SOLUTION DE SECURITE Elle est r\u00e9seau ou simple logiciel, mais indispensable. TELEPHONIE Wildix une solution qui \u00e9volue avec son temps. Une t\u00e9l\u00e9phonie toujours plus \u00e9volu\u00e9e Wildix une gamme de&nbsp;t\u00e9l\u00e9phone qui \u00e9volue avec son temps et&hellip; Lire la suite\" \/>\n<meta property=\"og:url\" content=\"https:\/\/www.infolabs-telecom.fr\/\" \/>\n<meta property=\"og:site_name\" content=\"Infolabs Telecom\" \/>\n<meta property=\"article:modified_time\" content=\"2020-09-23T16:05:44+00:00\" \/>\n<meta property=\"og:image\" content=\"https:\/\/infolabs-telecom.fr\/wp-content\/uploads\/2019\/08\/supervision-1.jpg\" \/>\n<meta name=\"twitter:card\" content=\"summary_large_image\" \/>\n<meta name=\"twitter:label1\" content=\"Dur\u00e9e de lecture estim\u00e9e\" \/>\n\t<meta name=\"twitter:data1\" content=\"1 minute\" \/>\n<script type=\"application\/ld+json\" class=\"yoast-schema-graph\">{\"@context\":\"https:\/\/schema.org\",\"@graph\":[{\"@type\":\"WebPage\",\"@id\":\"https:\/\/www.infolabs-telecom.fr\/\",\"url\":\"https:\/\/www.infolabs-telecom.fr\/\",\"name\":\"ACCUEIL - Infolabs Telecom\",\"isPartOf\":{\"@id\":\"https:\/\/www.infolabs-telecom.fr\/#website\"},\"primaryImageOfPage\":{\"@id\":\"https:\/\/www.infolabs-telecom.fr\/#primaryimage\"},\"image\":{\"@id\":\"https:\/\/www.infolabs-telecom.fr\/#primaryimage\"},\"thumbnailUrl\":\"https:\/\/infolabs-telecom.fr\/wp-content\/uploads\/2019\/08\/supervision-1.jpg\",\"datePublished\":\"2019-08-07T13:27:02+00:00\",\"dateModified\":\"2020-09-23T16:05:44+00:00\",\"breadcrumb\":{\"@id\":\"https:\/\/www.infolabs-telecom.fr\/#breadcrumb\"},\"inLanguage\":\"fr-FR\",\"potentialAction\":[{\"@type\":\"ReadAction\",\"target\":[\"https:\/\/www.infolabs-telecom.fr\/\"]}]},{\"@type\":\"ImageObject\",\"inLanguage\":\"fr-FR\",\"@id\":\"https:\/\/www.infolabs-telecom.fr\/#primaryimage\",\"url\":\"https:\/\/infolabs-telecom.fr\/wp-content\/uploads\/2019\/08\/supervision-1.jpg\",\"contentUrl\":\"https:\/\/infolabs-telecom.fr\/wp-content\/uploads\/2019\/08\/supervision-1.jpg\"},{\"@type\":\"BreadcrumbList\",\"@id\":\"https:\/\/www.infolabs-telecom.fr\/#breadcrumb\",\"itemListElement\":[{\"@type\":\"ListItem\",\"position\":1,\"name\":\"Accueil\",\"item\":\"https:\/\/www.infolabs-telecom.fr\/\"},{\"@type\":\"ListItem\",\"position\":2,\"name\":\"ACCUEIL\"}]},{\"@type\":\"WebSite\",\"@id\":\"https:\/\/www.infolabs-telecom.fr\/#website\",\"url\":\"https:\/\/www.infolabs-telecom.fr\/\",\"name\":\"Infolabs Telecom\",\"description\":\"Votre int\u00e9grateur de solutions d&#039;entreprise\",\"publisher\":{\"@id\":\"https:\/\/www.infolabs-telecom.fr\/#organization\"},\"potentialAction\":[{\"@type\":\"SearchAction\",\"target\":{\"@type\":\"EntryPoint\",\"urlTemplate\":\"https:\/\/www.infolabs-telecom.fr\/?s={search_term_string}\"},\"query-input\":\"required name=search_term_string\"}],\"inLanguage\":\"fr-FR\"},{\"@type\":\"Organization\",\"@id\":\"https:\/\/www.infolabs-telecom.fr\/#organization\",\"name\":\"Infolabs telecom\",\"url\":\"https:\/\/www.infolabs-telecom.fr\/\",\"logo\":{\"@type\":\"ImageObject\",\"inLanguage\":\"fr-FR\",\"@id\":\"https:\/\/www.infolabs-telecom.fr\/#\/schema\/logo\/image\/\",\"url\":\"https:\/\/infolabs-telecom.fr\/wp-content\/uploads\/2019\/10\/Logo-6-1024x1024.png\",\"contentUrl\":\"https:\/\/infolabs-telecom.fr\/wp-content\/uploads\/2019\/10\/Logo-6-1024x1024.png\",\"width\":1024,\"height\":1024,\"caption\":\"Infolabs telecom\"},\"image\":{\"@id\":\"https:\/\/www.infolabs-telecom.fr\/#\/schema\/logo\/image\/\"},\"sameAs\":[\"https:\/\/www.linkedin.com\/in\/steeve-lenenn-51198b163\"]}]}<\/script>\n<!-- \/ Yoast SEO plugin. -->","yoast_head_json":{"title":"ACCUEIL - Infolabs Telecom","robots":{"index":"index","follow":"follow","max-snippet":"max-snippet:-1","max-image-preview":"max-image-preview:large","max-video-preview":"max-video-preview:-1"},"canonical":"https:\/\/www.infolabs-telecom.fr\/","og_locale":"fr_FR","og_type":"article","og_title":"ACCUEIL - Infolabs Telecom","og_description":"DEPLOIEMENT DE SERVEURS Toute les PMEs et TPEs ont besoin d\u2019un serveur afin de centraliser les informations et les donn\u00e9es. SOLUTION DE SECURITE Elle est r\u00e9seau ou simple logiciel, mais indispensable. TELEPHONIE Wildix une solution qui \u00e9volue avec son temps. Une t\u00e9l\u00e9phonie toujours plus \u00e9volu\u00e9e Wildix une gamme de&nbsp;t\u00e9l\u00e9phone qui \u00e9volue avec son temps et&hellip; Lire la suite","og_url":"https:\/\/www.infolabs-telecom.fr\/","og_site_name":"Infolabs Telecom","article_modified_time":"2020-09-23T16:05:44+00:00","og_image":[{"url":"https:\/\/infolabs-telecom.fr\/wp-content\/uploads\/2019\/08\/supervision-1.jpg"}],"twitter_card":"summary_large_image","twitter_misc":{"Dur\u00e9e de lecture estim\u00e9e":"1 minute"},"schema":{"@context":"https:\/\/schema.org","@graph":[{"@type":"WebPage","@id":"https:\/\/www.infolabs-telecom.fr\/","url":"https:\/\/www.infolabs-telecom.fr\/","name":"ACCUEIL - Infolabs Telecom","isPartOf":{"@id":"https:\/\/www.infolabs-telecom.fr\/#website"},"primaryImageOfPage":{"@id":"https:\/\/www.infolabs-telecom.fr\/#primaryimage"},"image":{"@id":"https:\/\/www.infolabs-telecom.fr\/#primaryimage"},"thumbnailUrl":"https:\/\/infolabs-telecom.fr\/wp-content\/uploads\/2019\/08\/supervision-1.jpg","datePublished":"2019-08-07T13:27:02+00:00","dateModified":"2020-09-23T16:05:44+00:00","breadcrumb":{"@id":"https:\/\/www.infolabs-telecom.fr\/#breadcrumb"},"inLanguage":"fr-FR","potentialAction":[{"@type":"ReadAction","target":["https:\/\/www.infolabs-telecom.fr\/"]}]},{"@type":"ImageObject","inLanguage":"fr-FR","@id":"https:\/\/www.infolabs-telecom.fr\/#primaryimage","url":"https:\/\/infolabs-telecom.fr\/wp-content\/uploads\/2019\/08\/supervision-1.jpg","contentUrl":"https:\/\/infolabs-telecom.fr\/wp-content\/uploads\/2019\/08\/supervision-1.jpg"},{"@type":"BreadcrumbList","@id":"https:\/\/www.infolabs-telecom.fr\/#breadcrumb","itemListElement":[{"@type":"ListItem","position":1,"name":"Accueil","item":"https:\/\/www.infolabs-telecom.fr\/"},{"@type":"ListItem","position":2,"name":"ACCUEIL"}]},{"@type":"WebSite","@id":"https:\/\/www.infolabs-telecom.fr\/#website","url":"https:\/\/www.infolabs-telecom.fr\/","name":"Infolabs Telecom","description":"Votre int\u00e9grateur de solutions d&#039;entreprise","publisher":{"@id":"https:\/\/www.infolabs-telecom.fr\/#organization"},"potentialAction":[{"@type":"SearchAction","target":{"@type":"EntryPoint","urlTemplate":"https:\/\/www.infolabs-telecom.fr\/?s={search_term_string}"},"query-input":"required name=search_term_string"}],"inLanguage":"fr-FR"},{"@type":"Organization","@id":"https:\/\/www.infolabs-telecom.fr\/#organization","name":"Infolabs telecom","url":"https:\/\/www.infolabs-telecom.fr\/","logo":{"@type":"ImageObject","inLanguage":"fr-FR","@id":"https:\/\/www.infolabs-telecom.fr\/#\/schema\/logo\/image\/","url":"https:\/\/infolabs-telecom.fr\/wp-content\/uploads\/2019\/10\/Logo-6-1024x1024.png","contentUrl":"https:\/\/infolabs-telecom.fr\/wp-content\/uploads\/2019\/10\/Logo-6-1024x1024.png","width":1024,"height":1024,"caption":"Infolabs telecom"},"image":{"@id":"https:\/\/www.infolabs-telecom.fr\/#\/schema\/logo\/image\/"},"sameAs":["https:\/\/www.linkedin.com\/in\/steeve-lenenn-51198b163"]}]}},"_links":{"self":[{"href":"https:\/\/www.infolabs-telecom.fr\/index.php?rest_route=\/wp\/v2\/pages\/235"}],"collection":[{"href":"https:\/\/www.infolabs-telecom.fr\/index.php?rest_route=\/wp\/v2\/pages"}],"about":[{"href":"https:\/\/www.infolabs-telecom.fr\/index.php?rest_route=\/wp\/v2\/types\/page"}],"author":[{"embeddable":true,"href":"https:\/\/www.infolabs-telecom.fr\/index.php?rest_route=\/wp\/v2\/users\/1"}],"replies":[{"embeddable":true,"href":"https:\/\/www.infolabs-telecom.fr\/index.php?rest_route=%2Fwp%2Fv2%2Fcomments&post=235"}],"version-history":[{"count":30,"href":"https:\/\/www.infolabs-telecom.fr\/index.php?rest_route=\/wp\/v2\/pages\/235\/revisions"}],"predecessor-version":[{"id":598,"href":"https:\/\/www.infolabs-telecom.fr\/index.php?rest_route=\/wp\/v2\/pages\/235\/revisions\/598"}],"wp:attachment":[{"href":"https:\/\/www.infolabs-telecom.fr\/index.php?rest_route=%2Fwp%2Fv2%2Fmedia&parent=235"}],"curies":[{"name":"wp","href":"https:\/\/api.w.org\/{rel}","templated":true}]}}