{"id":408,"date":"2019-08-09T11:54:45","date_gmt":"2019-08-09T09:54:45","guid":{"rendered":"https:\/\/infolabs-telecom.fr\/?page_id=408"},"modified":"2021-12-29T16:08:49","modified_gmt":"2021-12-29T15:08:49","slug":"telephonie","status":"publish","type":"page","link":"https:\/\/www.infolabs-telecom.fr\/?page_id=408","title":{"rendered":"TELEPHONIE"},"content":{"rendered":"\n<p class=\"has-text-align-center has-cyan-bluish-gray-color has-text-color has-medium-font-size\">Infolabs Telecom a choisi de travailler main dans la main avec Wildix, une marque toujours tourn\u00e9e vers le futur.<\/p>\n\n\n\n<p class=\"has-text-align-left has-vivid-cyan-blue-color has-text-color\"><strong>Syst\u00e8me t\u00e9l\u00e9phonique complet<\/strong><\/p>\n\n\n\n<p class=\"has-text-align-left has-vivid-green-cyan-color has-text-color\"> Toutes les fonctionnalit\u00e9s de t\u00e9l\u00e9phonie sont disponibles de base sans surco\u00fbt, y compris le faxToMail et mailToFax <\/p>\n\n\n\n<p class=\"has-text-align-left has-vivid-cyan-blue-color has-text-color\"><strong>Application pour Smarphone<\/strong><\/p>\n\n\n\n<p class=\"has-text-align-left has-vivid-green-cyan-color has-text-color\"> Profitez des fonctionnalit\u00e9s UC&amp;C depuis vos appareils mobiles (iOS, Android) <\/p>\n\n\n\n<p class=\"has-text-align-left has-vivid-cyan-blue-color has-text-color\"><strong>Bas\u00e9 sur le Web<\/strong><\/p>\n\n\n\n<p class=\"has-text-align-left has-vivid-green-cyan-color has-text-color\"> Acc\u00e8s direct \u00e0 Collaboration et \u00e0 l\u2019interface de Gestion des PBX <\/p>\n\n\n\n<p class=\"has-text-align-left has-vivid-cyan-blue-color has-text-color\"><strong>Compatibilit\u00e9<\/strong><\/p>\n\n\n\n<p class=\"has-text-align-left has-vivid-green-cyan-color has-text-color\"> Aucune installation n\u00e9cessaire. Compatible avec Mac OS\/ Windows\/ Linux <\/p>\n\n\n\n<p class=\"has-text-align-left has-vivid-cyan-blue-color has-text-color\"><strong>Int\u00e8gre la technologie WebRTC<\/strong><\/p>\n\n\n\n<p class=\"has-text-align-left has-vivid-green-cyan-color has-text-color\"> Interaction direct avec les clients (Chat, Voix, Vid\u00e9o) depuis votre site internet <\/p>\n\n\n\n<p class=\"has-text-align-left has-vivid-cyan-blue-color has-text-color\"><strong>5 ans de garantie<\/strong><\/p>\n\n\n\n<p class=\"has-text-align-left has-vivid-green-cyan-color has-text-color\">\nAucun probl\u00e8me de retours. Tous les produits sont garantis 5 ans\n\n<\/p>\n\n\n\n<div class=\"wp-block-image\"><figure class=\"alignright\"><img loading=\"lazy\" decoding=\"async\" width=\"1024\" height=\"614\" src=\"https:\/\/infolabs-telecom.fr\/wp-content\/uploads\/2019\/08\/supervision-1-1024x614.jpg\" alt=\"\" class=\"wp-image-246\" srcset=\"https:\/\/www.infolabs-telecom.fr\/wp-content\/uploads\/2019\/08\/supervision-1-1024x614.jpg 1024w, https:\/\/www.infolabs-telecom.fr\/wp-content\/uploads\/2019\/08\/supervision-1-300x180.jpg 300w, https:\/\/www.infolabs-telecom.fr\/wp-content\/uploads\/2019\/08\/supervision-1-768x461.jpg 768w, https:\/\/www.infolabs-telecom.fr\/wp-content\/uploads\/2019\/08\/supervision-1.jpg 1200w\" sizes=\"(max-width: 1024px) 100vw, 1024px\" \/><figcaption>SUPERVISION<\/figcaption><\/figure><\/div>\n\n\n\n<ul><li>Android 5.1 OS<\/li><li>Ecran Tactile<\/li><li>Pr\u00e9sence &amp; Chat<\/li><li>2 Ports Ethernet 10\/100\/1000<\/li><li>Visioconf\u00e9rence WebRTC<\/li><li>802.3az Green Ethernet<\/li><li>Audio HD large bande<\/li><\/ul>\n\n\n\n<ul><li>USB 2.0<\/li><li>Jusqu\u2019\u00e0 120 touches BLF<\/li><li>\u00c9cran couleur 8 \u201d1280 \u00d7 800<\/li><li>Webcam amovible 5 MP<\/li><li>Prise en charge du casque USB<\/li><li>Integration URL (Wallboard)<\/li><li>Bluetooth 4.1<\/li><\/ul>\n\n\n\n<ul><li>Double bandes WiFi 2.4Ghz \/ 5Ghz, 802.11b\/g\/n<\/li><li>Touches LED (messagerie vocale, muet, sortie audio)<\/li><li>Alimentation PoE IEEE 802.3af<\/li><li>Annuaires iPBX<\/li><li>Historique d\u2019appels synchronis\u00e9 avec l\u2019iPBX<\/li><\/ul>\n\n\n\n<figure class=\"wp-block-image\"><img loading=\"lazy\" decoding=\"async\" width=\"770\" height=\"500\" src=\"https:\/\/infolabs-telecom.fr\/wp-content\/uploads\/2019\/08\/vision-o5g158r5n07gfjc9vlskwmug456rv9n1p6byeqla14.jpg\" alt=\"\" class=\"wp-image-410\" srcset=\"https:\/\/www.infolabs-telecom.fr\/wp-content\/uploads\/2019\/08\/vision-o5g158r5n07gfjc9vlskwmug456rv9n1p6byeqla14.jpg 770w, https:\/\/www.infolabs-telecom.fr\/wp-content\/uploads\/2019\/08\/vision-o5g158r5n07gfjc9vlskwmug456rv9n1p6byeqla14-300x195.jpg 300w, https:\/\/www.infolabs-telecom.fr\/wp-content\/uploads\/2019\/08\/vision-o5g158r5n07gfjc9vlskwmug456rv9n1p6byeqla14-768x499.jpg 768w\" sizes=\"(max-width: 770px) 100vw, 770px\" \/><figcaption>VISION<\/figcaption><\/figure>\n\n\n\n<ul><li>Android 5.1 OS<\/li><li>Affichage couleurs 7\u201d 1024*600<\/li><li>Ecran Tactile<\/li><li>Pr\u00e9sence &amp; Chat<\/li><li>Cam\u00e9ra 2 M\u00e9ga Pixels<\/li><li>Visioconf\u00e9rence WebRTC<\/li><li>WiFi 802.11b\/g\/n<\/li><li>Bluetooth 2.0<\/li><li>USB 2.0<\/li><li>Jusqu\u2019\u00e0 120 touches BLF<\/li><\/ul>\n\n\n\n<figure class=\"wp-block-image size-large is-resized\"><img loading=\"lazy\" decoding=\"async\" src=\"https:\/\/infolabs-telecom.fr\/wp-content\/uploads\/2021\/12\/welcome-console-1024x684.jpg\" alt=\"\" class=\"wp-image-588\" width=\"803\" height=\"536\" srcset=\"https:\/\/www.infolabs-telecom.fr\/wp-content\/uploads\/2021\/12\/welcome-console-1024x684.jpg 1024w, https:\/\/www.infolabs-telecom.fr\/wp-content\/uploads\/2021\/12\/welcome-console-300x200.jpg 300w, https:\/\/www.infolabs-telecom.fr\/wp-content\/uploads\/2021\/12\/welcome-console-768x513.jpg 768w, https:\/\/www.infolabs-telecom.fr\/wp-content\/uploads\/2021\/12\/welcome-console.jpg 1200w\" sizes=\"(max-width: 803px) 100vw, 803px\" \/><figcaption>WelcomeConsole<\/figcaption><\/figure>\n\n\n\n<ul><li>\u00c9cran couleur 4,3 \u2019\u2019 480 * 272<\/li><li>Jusqu\u2019\u00e0 60 touches BLF (module t\u00e9l\u00e9phone + poste)<\/li><li>1 module d\u2019extension WP490EXT inclus<\/li><li>Jusqu\u2019\u00e0 3 modules ext. pris en charge<\/li><\/ul>\n\n\n\n<ul><li>Prise en charge du casque USB<\/li><li>Pr\u00e9sence<\/li><li>Image de l\u2019appelant<\/li><li>2 Ports Ethernet Gigabit 10\/100\/1000<\/li><\/ul>\n\n\n\n<ul><li>802.3az Green Ethernet<\/li><li>Prise en charge de l\u2019adaptateur WP EHS pour casque sans fil<\/li><li>Monitoring des statuts de pr\u00e9sence via les cl\u00e9s BLF<\/li><\/ul>\n\n\n\n<div class=\"wp-block-image\"><figure class=\"aligncenter\"><img loading=\"lazy\" decoding=\"async\" width=\"770\" height=\"500\" src=\"https:\/\/infolabs-telecom.fr\/wp-content\/uploads\/2019\/08\/wp480-3-o5hshm5jwjv4r4z13t48hov1hbiusfk5jyxp63gkqw-1.jpg\" alt=\"\" class=\"wp-image-409\" srcset=\"https:\/\/www.infolabs-telecom.fr\/wp-content\/uploads\/2019\/08\/wp480-3-o5hshm5jwjv4r4z13t48hov1hbiusfk5jyxp63gkqw-1.jpg 770w, https:\/\/www.infolabs-telecom.fr\/wp-content\/uploads\/2019\/08\/wp480-3-o5hshm5jwjv4r4z13t48hov1hbiusfk5jyxp63gkqw-1-300x195.jpg 300w, https:\/\/www.infolabs-telecom.fr\/wp-content\/uploads\/2019\/08\/wp480-3-o5hshm5jwjv4r4z13t48hov1hbiusfk5jyxp63gkqw-1-768x499.jpg 768w\" sizes=\"(max-width: 770px) 100vw, 770px\" \/><figcaption>WorkForce<\/figcaption><\/figure><\/div>\n\n\n\n<ul><li>Entr\u00e9e USB-Type C<\/li><li>Casque USB compatible<\/li><li>Connection Cl\u00e9 USB Bluetooth (*Disponible au troisi\u00e8me trimestre 2020)<\/li><li>Nouveau chipset plus rapide<\/li><li>Compatibilit\u00e9 Opus<\/li><li>Cl\u00e9 5G \/ WiFi<\/li><li>Soutien compl\u00e9mentaire pour v\u00e9rifier les statuts de pr\u00e9sence des coll\u00e8gues via les cl\u00e9s BLF<\/li><\/ul>\n","protected":false},"excerpt":{"rendered":"<p>Infolabs Telecom a choisi de travailler main dans la main avec Wildix, une marque toujours tourn\u00e9e vers le futur. Syst\u00e8me t\u00e9l\u00e9phonique complet Toutes les fonctionnalit\u00e9s de t\u00e9l\u00e9phonie sont disponibles de base sans surco\u00fbt, y compris le faxToMail et mailToFax Application pour Smarphone Profitez des fonctionnalit\u00e9s UC&amp;C depuis vos appareils mobiles (iOS, Android) Bas\u00e9 sur le&hellip; <br \/> <a class=\"read-more\" href=\"https:\/\/www.infolabs-telecom.fr\/?page_id=408\">Lire la suite<\/a><\/p>\n","protected":false},"author":1,"featured_media":0,"parent":0,"menu_order":0,"comment_status":"closed","ping_status":"closed","template":"","meta":{"_exactmetrics_skip_tracking":false,"_exactmetrics_sitenote_active":false,"_exactmetrics_sitenote_note":"","_exactmetrics_sitenote_category":0,"footnotes":""},"yoast_head":"<!-- This site is optimized with the Yoast SEO plugin v22.2 - https:\/\/yoast.com\/wordpress\/plugins\/seo\/ -->\n<title>TELEPHONIE - Infolabs Telecom<\/title>\n<meta name=\"description\" content=\"Infolabs Telecom est une soci\u00e9t\u00e9 d&#039;int\u00e9gration informatique, t\u00e9l\u00e9coms et op\u00e9rateur.\" \/>\n<meta name=\"robots\" content=\"index, follow, max-snippet:-1, max-image-preview:large, max-video-preview:-1\" \/>\n<link rel=\"canonical\" href=\"https:\/\/www.infolabs-telecom.fr\/?page_id=408\" \/>\n<meta property=\"og:locale\" content=\"fr_FR\" \/>\n<meta property=\"og:type\" content=\"article\" \/>\n<meta property=\"og:title\" content=\"TELEPHONIE - Infolabs Telecom\" \/>\n<meta property=\"og:description\" content=\"Infolabs Telecom est une soci\u00e9t\u00e9 d&#039;int\u00e9gration informatique, t\u00e9l\u00e9coms et op\u00e9rateur.\" \/>\n<meta property=\"og:url\" content=\"https:\/\/www.infolabs-telecom.fr\/?page_id=408\" \/>\n<meta property=\"og:site_name\" content=\"Infolabs Telecom\" \/>\n<meta property=\"article:modified_time\" content=\"2021-12-29T15:08:49+00:00\" \/>\n<meta property=\"og:image\" content=\"https:\/\/infolabs-telecom.fr\/wp-content\/uploads\/2019\/08\/supervision-1-1024x614.jpg\" \/>\n<meta name=\"twitter:card\" content=\"summary_large_image\" \/>\n<meta name=\"twitter:label1\" content=\"Dur\u00e9e de lecture estim\u00e9e\" \/>\n\t<meta name=\"twitter:data1\" content=\"3 minutes\" \/>\n<script type=\"application\/ld+json\" class=\"yoast-schema-graph\">{\"@context\":\"https:\/\/schema.org\",\"@graph\":[{\"@type\":\"WebPage\",\"@id\":\"https:\/\/www.infolabs-telecom.fr\/?page_id=408\",\"url\":\"https:\/\/www.infolabs-telecom.fr\/?page_id=408\",\"name\":\"TELEPHONIE - Infolabs Telecom\",\"isPartOf\":{\"@id\":\"https:\/\/www.infolabs-telecom.fr\/#website\"},\"primaryImageOfPage\":{\"@id\":\"https:\/\/www.infolabs-telecom.fr\/?page_id=408#primaryimage\"},\"image\":{\"@id\":\"https:\/\/www.infolabs-telecom.fr\/?page_id=408#primaryimage\"},\"thumbnailUrl\":\"https:\/\/infolabs-telecom.fr\/wp-content\/uploads\/2019\/08\/supervision-1-1024x614.jpg\",\"datePublished\":\"2019-08-09T09:54:45+00:00\",\"dateModified\":\"2021-12-29T15:08:49+00:00\",\"description\":\"Infolabs Telecom est une soci\u00e9t\u00e9 d'int\u00e9gration informatique, t\u00e9l\u00e9coms et op\u00e9rateur.\",\"breadcrumb\":{\"@id\":\"https:\/\/www.infolabs-telecom.fr\/?page_id=408#breadcrumb\"},\"inLanguage\":\"fr-FR\",\"potentialAction\":[{\"@type\":\"ReadAction\",\"target\":[\"https:\/\/www.infolabs-telecom.fr\/?page_id=408\"]}]},{\"@type\":\"ImageObject\",\"inLanguage\":\"fr-FR\",\"@id\":\"https:\/\/www.infolabs-telecom.fr\/?page_id=408#primaryimage\",\"url\":\"https:\/\/www.infolabs-telecom.fr\/wp-content\/uploads\/2019\/08\/supervision-1.jpg\",\"contentUrl\":\"https:\/\/www.infolabs-telecom.fr\/wp-content\/uploads\/2019\/08\/supervision-1.jpg\",\"width\":1200,\"height\":720},{\"@type\":\"BreadcrumbList\",\"@id\":\"https:\/\/www.infolabs-telecom.fr\/?page_id=408#breadcrumb\",\"itemListElement\":[{\"@type\":\"ListItem\",\"position\":1,\"name\":\"Accueil\",\"item\":\"https:\/\/www.infolabs-telecom.fr\/\"},{\"@type\":\"ListItem\",\"position\":2,\"name\":\"TELEPHONIE\"}]},{\"@type\":\"WebSite\",\"@id\":\"https:\/\/www.infolabs-telecom.fr\/#website\",\"url\":\"https:\/\/www.infolabs-telecom.fr\/\",\"name\":\"Infolabs Telecom\",\"description\":\"Votre int\u00e9grateur de solutions d&#039;entreprise\",\"publisher\":{\"@id\":\"https:\/\/www.infolabs-telecom.fr\/#organization\"},\"potentialAction\":[{\"@type\":\"SearchAction\",\"target\":{\"@type\":\"EntryPoint\",\"urlTemplate\":\"https:\/\/www.infolabs-telecom.fr\/?s={search_term_string}\"},\"query-input\":\"required name=search_term_string\"}],\"inLanguage\":\"fr-FR\"},{\"@type\":\"Organization\",\"@id\":\"https:\/\/www.infolabs-telecom.fr\/#organization\",\"name\":\"Infolabs telecom\",\"url\":\"https:\/\/www.infolabs-telecom.fr\/\",\"logo\":{\"@type\":\"ImageObject\",\"inLanguage\":\"fr-FR\",\"@id\":\"https:\/\/www.infolabs-telecom.fr\/#\/schema\/logo\/image\/\",\"url\":\"https:\/\/infolabs-telecom.fr\/wp-content\/uploads\/2019\/10\/Logo-6-1024x1024.png\",\"contentUrl\":\"https:\/\/infolabs-telecom.fr\/wp-content\/uploads\/2019\/10\/Logo-6-1024x1024.png\",\"width\":1024,\"height\":1024,\"caption\":\"Infolabs telecom\"},\"image\":{\"@id\":\"https:\/\/www.infolabs-telecom.fr\/#\/schema\/logo\/image\/\"},\"sameAs\":[\"https:\/\/www.linkedin.com\/in\/steeve-lenenn-51198b163\"]}]}<\/script>\n<!-- \/ Yoast SEO plugin. -->","yoast_head_json":{"title":"TELEPHONIE - Infolabs Telecom","description":"Infolabs Telecom est une soci\u00e9t\u00e9 d'int\u00e9gration informatique, t\u00e9l\u00e9coms et op\u00e9rateur.","robots":{"index":"index","follow":"follow","max-snippet":"max-snippet:-1","max-image-preview":"max-image-preview:large","max-video-preview":"max-video-preview:-1"},"canonical":"https:\/\/www.infolabs-telecom.fr\/?page_id=408","og_locale":"fr_FR","og_type":"article","og_title":"TELEPHONIE - Infolabs Telecom","og_description":"Infolabs Telecom est une soci\u00e9t\u00e9 d'int\u00e9gration informatique, t\u00e9l\u00e9coms et op\u00e9rateur.","og_url":"https:\/\/www.infolabs-telecom.fr\/?page_id=408","og_site_name":"Infolabs Telecom","article_modified_time":"2021-12-29T15:08:49+00:00","og_image":[{"url":"https:\/\/infolabs-telecom.fr\/wp-content\/uploads\/2019\/08\/supervision-1-1024x614.jpg"}],"twitter_card":"summary_large_image","twitter_misc":{"Dur\u00e9e de lecture estim\u00e9e":"3 minutes"},"schema":{"@context":"https:\/\/schema.org","@graph":[{"@type":"WebPage","@id":"https:\/\/www.infolabs-telecom.fr\/?page_id=408","url":"https:\/\/www.infolabs-telecom.fr\/?page_id=408","name":"TELEPHONIE - Infolabs Telecom","isPartOf":{"@id":"https:\/\/www.infolabs-telecom.fr\/#website"},"primaryImageOfPage":{"@id":"https:\/\/www.infolabs-telecom.fr\/?page_id=408#primaryimage"},"image":{"@id":"https:\/\/www.infolabs-telecom.fr\/?page_id=408#primaryimage"},"thumbnailUrl":"https:\/\/infolabs-telecom.fr\/wp-content\/uploads\/2019\/08\/supervision-1-1024x614.jpg","datePublished":"2019-08-09T09:54:45+00:00","dateModified":"2021-12-29T15:08:49+00:00","description":"Infolabs Telecom est une soci\u00e9t\u00e9 d'int\u00e9gration informatique, t\u00e9l\u00e9coms et op\u00e9rateur.","breadcrumb":{"@id":"https:\/\/www.infolabs-telecom.fr\/?page_id=408#breadcrumb"},"inLanguage":"fr-FR","potentialAction":[{"@type":"ReadAction","target":["https:\/\/www.infolabs-telecom.fr\/?page_id=408"]}]},{"@type":"ImageObject","inLanguage":"fr-FR","@id":"https:\/\/www.infolabs-telecom.fr\/?page_id=408#primaryimage","url":"https:\/\/www.infolabs-telecom.fr\/wp-content\/uploads\/2019\/08\/supervision-1.jpg","contentUrl":"https:\/\/www.infolabs-telecom.fr\/wp-content\/uploads\/2019\/08\/supervision-1.jpg","width":1200,"height":720},{"@type":"BreadcrumbList","@id":"https:\/\/www.infolabs-telecom.fr\/?page_id=408#breadcrumb","itemListElement":[{"@type":"ListItem","position":1,"name":"Accueil","item":"https:\/\/www.infolabs-telecom.fr\/"},{"@type":"ListItem","position":2,"name":"TELEPHONIE"}]},{"@type":"WebSite","@id":"https:\/\/www.infolabs-telecom.fr\/#website","url":"https:\/\/www.infolabs-telecom.fr\/","name":"Infolabs Telecom","description":"Votre int\u00e9grateur de solutions d&#039;entreprise","publisher":{"@id":"https:\/\/www.infolabs-telecom.fr\/#organization"},"potentialAction":[{"@type":"SearchAction","target":{"@type":"EntryPoint","urlTemplate":"https:\/\/www.infolabs-telecom.fr\/?s={search_term_string}"},"query-input":"required name=search_term_string"}],"inLanguage":"fr-FR"},{"@type":"Organization","@id":"https:\/\/www.infolabs-telecom.fr\/#organization","name":"Infolabs telecom","url":"https:\/\/www.infolabs-telecom.fr\/","logo":{"@type":"ImageObject","inLanguage":"fr-FR","@id":"https:\/\/www.infolabs-telecom.fr\/#\/schema\/logo\/image\/","url":"https:\/\/infolabs-telecom.fr\/wp-content\/uploads\/2019\/10\/Logo-6-1024x1024.png","contentUrl":"https:\/\/infolabs-telecom.fr\/wp-content\/uploads\/2019\/10\/Logo-6-1024x1024.png","width":1024,"height":1024,"caption":"Infolabs telecom"},"image":{"@id":"https:\/\/www.infolabs-telecom.fr\/#\/schema\/logo\/image\/"},"sameAs":["https:\/\/www.linkedin.com\/in\/steeve-lenenn-51198b163"]}]}},"_links":{"self":[{"href":"https:\/\/www.infolabs-telecom.fr\/index.php?rest_route=\/wp\/v2\/pages\/408"}],"collection":[{"href":"https:\/\/www.infolabs-telecom.fr\/index.php?rest_route=\/wp\/v2\/pages"}],"about":[{"href":"https:\/\/www.infolabs-telecom.fr\/index.php?rest_route=\/wp\/v2\/types\/page"}],"author":[{"embeddable":true,"href":"https:\/\/www.infolabs-telecom.fr\/index.php?rest_route=\/wp\/v2\/users\/1"}],"replies":[{"embeddable":true,"href":"https:\/\/www.infolabs-telecom.fr\/index.php?rest_route=%2Fwp%2Fv2%2Fcomments&post=408"}],"version-history":[{"count":10,"href":"https:\/\/www.infolabs-telecom.fr\/index.php?rest_route=\/wp\/v2\/pages\/408\/revisions"}],"predecessor-version":[{"id":590,"href":"https:\/\/www.infolabs-telecom.fr\/index.php?rest_route=\/wp\/v2\/pages\/408\/revisions\/590"}],"wp:attachment":[{"href":"https:\/\/www.infolabs-telecom.fr\/index.php?rest_route=%2Fwp%2Fv2%2Fmedia&parent=408"}],"curies":[{"name":"wp","href":"https:\/\/api.w.org\/{rel}","templated":true}]}}