{"id":41,"date":"2019-04-04T23:47:58","date_gmt":"2019-04-04T21:47:58","guid":{"rendered":"http:\/\/infolabs-telecom.fr\/?page_id=41"},"modified":"2020-09-23T18:05:14","modified_gmt":"2020-09-23T16:05:14","slug":"gamme-protection-reseau","status":"publish","type":"page","link":"https:\/\/www.infolabs-telecom.fr\/?page_id=41","title":{"rendered":"SECURITE R\u00c9SEAU"},"content":{"rendered":"\n<p class=\"has-text-color\" style=\"color:#00a537\">La s\u00e9curit\u00e9 de vos donn\u00e9es est un enjeux capital et cela commence par s\u00e9curis\u00e9 votre r\u00e9seau. Certifi\u00e9 Stormshield nos techniciens sont \u00e0 m\u00eame de vous conseiller l&rsquo;offre la plus adapt\u00e9e.<\/p>\n\n\n\n<h3 class=\"has-text-align-center wp-block-heading\">La solution de s\u00e9curit\u00e9 d\u00e9di\u00e9e aux syst\u00e8mes industriels avec de hautes contraintes op\u00e9rationnelles.<\/h3>\n\n\n\n<div class=\"wp-block-media-text alignwide\"><figure class=\"wp-block-media-text__media\"><img loading=\"lazy\" decoding=\"async\" width=\"539\" height=\"303\" src=\"http:\/\/infolabs-telecom.fr\/wp-content\/uploads\/2019\/04\/Featured-Images-SNi40.png\" alt=\"\" class=\"wp-image-43\" srcset=\"https:\/\/www.infolabs-telecom.fr\/wp-content\/uploads\/2019\/04\/Featured-Images-SNi40.png 539w, https:\/\/www.infolabs-telecom.fr\/wp-content\/uploads\/2019\/04\/Featured-Images-SNi40-300x169.png 300w\" sizes=\"(max-width: 539px) 100vw, 539px\" \/><\/figure><div class=\"wp-block-media-text__content\">\n<p class=\"has-large-font-size\">SNi40<\/p>\n\n\n\n<p>D\u00e9tectez et prot\u00e9gez sans aucun impact sur votre activit\u00e9 industrielle. Ce bo\u00eetier de s\u00e9curit\u00e9 s\u2019int\u00e8gre facilement aux environnements industriels gr\u00e2ce \u00e0 une proc\u00e9dure simple de mise en service.<\/p>\n<\/div><\/div>\n\n\n\n<h3 class=\"has-text-align-center wp-block-heading\">La solution de s\u00e9curit\u00e9 d\u00e9di\u00e9e aux petites entreprises, agences et sites distants.<\/h3>\n\n\n\n<div class=\"wp-block-media-text alignwide\"><figure class=\"wp-block-media-text__media\"><img loading=\"lazy\" decoding=\"async\" width=\"539\" height=\"303\" src=\"http:\/\/infolabs-telecom.fr\/wp-content\/uploads\/2019\/04\/Featured-Images-SN160.png\" alt=\"\" class=\"wp-image-46\" srcset=\"https:\/\/www.infolabs-telecom.fr\/wp-content\/uploads\/2019\/04\/Featured-Images-SN160.png 539w, https:\/\/www.infolabs-telecom.fr\/wp-content\/uploads\/2019\/04\/Featured-Images-SN160-300x169.png 300w\" sizes=\"(max-width: 539px) 100vw, 539px\" \/><\/figure><div class=\"wp-block-media-text__content\">\n<p class=\"has-large-font-size\">SN160<\/p>\n\n\n\n<p>le SN160 embarque toutes les fonctions de s\u00e9curit\u00e9 n\u00e9cessaires pour assurer une protection optimale des petites structures informatiques.<\/p>\n<\/div><\/div>\n\n\n\n<div class=\"wp-block-media-text alignwide\"><figure class=\"wp-block-media-text__media\"><img loading=\"lazy\" decoding=\"async\" width=\"539\" height=\"303\" src=\"http:\/\/infolabs-telecom.fr\/wp-content\/uploads\/2019\/04\/Featured-Images-SN210.png\" alt=\"\" class=\"wp-image-45\" srcset=\"https:\/\/www.infolabs-telecom.fr\/wp-content\/uploads\/2019\/04\/Featured-Images-SN210.png 539w, https:\/\/www.infolabs-telecom.fr\/wp-content\/uploads\/2019\/04\/Featured-Images-SN210-300x169.png 300w\" sizes=\"(max-width: 539px) 100vw, 539px\" \/><\/figure><div class=\"wp-block-media-text__content\">\n<p class=\"has-large-font-size\">SN210<\/p>\n\n\n\n<p>Le SN210 propose les fonctions de s\u00e9curit\u00e9 les plus compl\u00e8tes du march\u00e9 pour une protection optimale : firewall, pr\u00e9vention d\u2019intrusion, contr\u00f4le d\u2019applications, VPN, antivirus, antispam, filtrage web, gestion des vuln\u00e9rabilit\u00e9s\u2026<\/p>\n<\/div><\/div>\n\n\n\n<div class=\"wp-block-media-text alignwide\"><figure class=\"wp-block-media-text__media\"><img loading=\"lazy\" decoding=\"async\" width=\"539\" height=\"303\" src=\"http:\/\/infolabs-telecom.fr\/wp-content\/uploads\/2019\/04\/sns-sn310-539x303.png\" alt=\"\" class=\"wp-image-44\" srcset=\"https:\/\/www.infolabs-telecom.fr\/wp-content\/uploads\/2019\/04\/sns-sn310-539x303.png 539w, https:\/\/www.infolabs-telecom.fr\/wp-content\/uploads\/2019\/04\/sns-sn310-539x303-300x169.png 300w\" sizes=\"(max-width: 539px) 100vw, 539px\" \/><\/figure><div class=\"wp-block-media-text__content\">\n<p class=\"has-large-font-size\">SN310<\/p>\n\n\n\n<p>Profitez du meilleur ratio prix performance du march\u00e9 et activez les fonctions de s\u00e9curit\u00e9 sans p\u00e9naliser l\u2019exp\u00e9rience utilisateur de plus il int\u00e8gre les fonctionnalit\u00e9s du SN160 et SN210.<\/p>\n<\/div><\/div>\n\n\n\n<h3 class=\"has-text-align-center wp-block-heading\">La solution de s\u00e9curit\u00e9 d\u00e9di\u00e9e aux architectures complexes des moyennes organisations et grosses agences.<\/h3>\n\n\n\n<div class=\"wp-block-media-text alignwide\"><figure class=\"wp-block-media-text__media\"><img decoding=\"async\" src=\"http:\/\/infolabs-telecom.fr\/wp-content\/uploads\/2019\/04\/Featured-Images-SN510.png\" alt=\"\" class=\"wp-image-42\"\/><\/figure><div class=\"wp-block-media-text__content\">\n<p class=\"has-large-font-size\">SN510<\/p>\n\n\n\n<p>Gr\u00e2ce \u00e0 leurs fonctionnalit\u00e9s r\u00e9seau avanc\u00e9es, les appliances Stormshield Network Security s\u2019adaptent \u00e0 votre infrastructure existante en toute transparence et sans impact.<\/p>\n<\/div><\/div>\n","protected":false},"excerpt":{"rendered":"<p>La s\u00e9curit\u00e9 de vos donn\u00e9es est un enjeux capital et cela commence par s\u00e9curis\u00e9 votre r\u00e9seau. Certifi\u00e9 Stormshield nos techniciens sont \u00e0 m\u00eame de vous conseiller l&rsquo;offre la plus adapt\u00e9e. La solution de s\u00e9curit\u00e9 d\u00e9di\u00e9e aux syst\u00e8mes industriels avec de hautes contraintes op\u00e9rationnelles. SNi40 D\u00e9tectez et prot\u00e9gez sans aucun impact sur votre activit\u00e9 industrielle. Ce&hellip; <br \/> <a class=\"read-more\" href=\"https:\/\/www.infolabs-telecom.fr\/?page_id=41\">Lire la suite<\/a><\/p>\n","protected":false},"author":1,"featured_media":33,"parent":0,"menu_order":2,"comment_status":"closed","ping_status":"closed","template":"","meta":{"_exactmetrics_skip_tracking":false,"_exactmetrics_sitenote_active":false,"_exactmetrics_sitenote_note":"","_exactmetrics_sitenote_category":0,"footnotes":""},"yoast_head":"<!-- This site is optimized with the Yoast SEO plugin v22.2 - https:\/\/yoast.com\/wordpress\/plugins\/seo\/ -->\n<title>SECURITE R\u00c9SEAU - Infolabs Telecom<\/title>\n<meta name=\"robots\" content=\"index, follow, max-snippet:-1, max-image-preview:large, max-video-preview:-1\" \/>\n<link rel=\"canonical\" href=\"https:\/\/www.infolabs-telecom.fr\/?page_id=41\" \/>\n<meta property=\"og:locale\" content=\"fr_FR\" \/>\n<meta property=\"og:type\" content=\"article\" \/>\n<meta property=\"og:title\" content=\"SECURITE R\u00c9SEAU - Infolabs Telecom\" \/>\n<meta property=\"og:description\" content=\"La s\u00e9curit\u00e9 de vos donn\u00e9es est un enjeux capital et cela commence par s\u00e9curis\u00e9 votre r\u00e9seau. Certifi\u00e9 Stormshield nos techniciens sont \u00e0 m\u00eame de vous conseiller l&rsquo;offre la plus adapt\u00e9e. La solution de s\u00e9curit\u00e9 d\u00e9di\u00e9e aux syst\u00e8mes industriels avec de hautes contraintes op\u00e9rationnelles. SNi40 D\u00e9tectez et prot\u00e9gez sans aucun impact sur votre activit\u00e9 industrielle. Ce&hellip; Lire la suite\" \/>\n<meta property=\"og:url\" content=\"https:\/\/www.infolabs-telecom.fr\/?page_id=41\" \/>\n<meta property=\"og:site_name\" content=\"Infolabs Telecom\" \/>\n<meta property=\"article:modified_time\" content=\"2020-09-23T16:05:14+00:00\" \/>\n<meta property=\"og:image\" content=\"https:\/\/www.infolabs-telecom.fr\/wp-content\/uploads\/2019\/03\/Logo-6-1024x1024.png\" \/>\n\t<meta property=\"og:image:width\" content=\"1024\" \/>\n\t<meta property=\"og:image:height\" content=\"1024\" \/>\n\t<meta property=\"og:image:type\" content=\"image\/png\" \/>\n<meta name=\"twitter:card\" content=\"summary_large_image\" \/>\n<meta name=\"twitter:label1\" content=\"Dur\u00e9e de lecture estim\u00e9e\" \/>\n\t<meta name=\"twitter:data1\" content=\"1 minute\" \/>\n<script type=\"application\/ld+json\" class=\"yoast-schema-graph\">{\"@context\":\"https:\/\/schema.org\",\"@graph\":[{\"@type\":\"WebPage\",\"@id\":\"https:\/\/www.infolabs-telecom.fr\/?page_id=41\",\"url\":\"https:\/\/www.infolabs-telecom.fr\/?page_id=41\",\"name\":\"SECURITE R\u00c9SEAU - Infolabs Telecom\",\"isPartOf\":{\"@id\":\"https:\/\/www.infolabs-telecom.fr\/#website\"},\"primaryImageOfPage\":{\"@id\":\"https:\/\/www.infolabs-telecom.fr\/?page_id=41#primaryimage\"},\"image\":{\"@id\":\"https:\/\/www.infolabs-telecom.fr\/?page_id=41#primaryimage\"},\"thumbnailUrl\":\"https:\/\/www.infolabs-telecom.fr\/wp-content\/uploads\/2019\/03\/Logo-6.png\",\"datePublished\":\"2019-04-04T21:47:58+00:00\",\"dateModified\":\"2020-09-23T16:05:14+00:00\",\"breadcrumb\":{\"@id\":\"https:\/\/www.infolabs-telecom.fr\/?page_id=41#breadcrumb\"},\"inLanguage\":\"fr-FR\",\"potentialAction\":[{\"@type\":\"ReadAction\",\"target\":[\"https:\/\/www.infolabs-telecom.fr\/?page_id=41\"]}]},{\"@type\":\"ImageObject\",\"inLanguage\":\"fr-FR\",\"@id\":\"https:\/\/www.infolabs-telecom.fr\/?page_id=41#primaryimage\",\"url\":\"https:\/\/www.infolabs-telecom.fr\/wp-content\/uploads\/2019\/03\/Logo-6.png\",\"contentUrl\":\"https:\/\/www.infolabs-telecom.fr\/wp-content\/uploads\/2019\/03\/Logo-6.png\",\"width\":2500,\"height\":2500},{\"@type\":\"BreadcrumbList\",\"@id\":\"https:\/\/www.infolabs-telecom.fr\/?page_id=41#breadcrumb\",\"itemListElement\":[{\"@type\":\"ListItem\",\"position\":1,\"name\":\"Accueil\",\"item\":\"https:\/\/www.infolabs-telecom.fr\/\"},{\"@type\":\"ListItem\",\"position\":2,\"name\":\"SECURITE R\u00c9SEAU\"}]},{\"@type\":\"WebSite\",\"@id\":\"https:\/\/www.infolabs-telecom.fr\/#website\",\"url\":\"https:\/\/www.infolabs-telecom.fr\/\",\"name\":\"Infolabs Telecom\",\"description\":\"Votre int\u00e9grateur de solutions d&#039;entreprise\",\"publisher\":{\"@id\":\"https:\/\/www.infolabs-telecom.fr\/#organization\"},\"potentialAction\":[{\"@type\":\"SearchAction\",\"target\":{\"@type\":\"EntryPoint\",\"urlTemplate\":\"https:\/\/www.infolabs-telecom.fr\/?s={search_term_string}\"},\"query-input\":\"required name=search_term_string\"}],\"inLanguage\":\"fr-FR\"},{\"@type\":\"Organization\",\"@id\":\"https:\/\/www.infolabs-telecom.fr\/#organization\",\"name\":\"Infolabs telecom\",\"url\":\"https:\/\/www.infolabs-telecom.fr\/\",\"logo\":{\"@type\":\"ImageObject\",\"inLanguage\":\"fr-FR\",\"@id\":\"https:\/\/www.infolabs-telecom.fr\/#\/schema\/logo\/image\/\",\"url\":\"https:\/\/infolabs-telecom.fr\/wp-content\/uploads\/2019\/10\/Logo-6-1024x1024.png\",\"contentUrl\":\"https:\/\/infolabs-telecom.fr\/wp-content\/uploads\/2019\/10\/Logo-6-1024x1024.png\",\"width\":1024,\"height\":1024,\"caption\":\"Infolabs telecom\"},\"image\":{\"@id\":\"https:\/\/www.infolabs-telecom.fr\/#\/schema\/logo\/image\/\"},\"sameAs\":[\"https:\/\/www.linkedin.com\/in\/steeve-lenenn-51198b163\"]}]}<\/script>\n<!-- \/ Yoast SEO plugin. -->","yoast_head_json":{"title":"SECURITE R\u00c9SEAU - Infolabs Telecom","robots":{"index":"index","follow":"follow","max-snippet":"max-snippet:-1","max-image-preview":"max-image-preview:large","max-video-preview":"max-video-preview:-1"},"canonical":"https:\/\/www.infolabs-telecom.fr\/?page_id=41","og_locale":"fr_FR","og_type":"article","og_title":"SECURITE R\u00c9SEAU - Infolabs Telecom","og_description":"La s\u00e9curit\u00e9 de vos donn\u00e9es est un enjeux capital et cela commence par s\u00e9curis\u00e9 votre r\u00e9seau. Certifi\u00e9 Stormshield nos techniciens sont \u00e0 m\u00eame de vous conseiller l&rsquo;offre la plus adapt\u00e9e. La solution de s\u00e9curit\u00e9 d\u00e9di\u00e9e aux syst\u00e8mes industriels avec de hautes contraintes op\u00e9rationnelles. SNi40 D\u00e9tectez et prot\u00e9gez sans aucun impact sur votre activit\u00e9 industrielle. Ce&hellip; Lire la suite","og_url":"https:\/\/www.infolabs-telecom.fr\/?page_id=41","og_site_name":"Infolabs Telecom","article_modified_time":"2020-09-23T16:05:14+00:00","og_image":[{"width":1024,"height":1024,"url":"https:\/\/www.infolabs-telecom.fr\/wp-content\/uploads\/2019\/03\/Logo-6-1024x1024.png","type":"image\/png"}],"twitter_card":"summary_large_image","twitter_misc":{"Dur\u00e9e de lecture estim\u00e9e":"1 minute"},"schema":{"@context":"https:\/\/schema.org","@graph":[{"@type":"WebPage","@id":"https:\/\/www.infolabs-telecom.fr\/?page_id=41","url":"https:\/\/www.infolabs-telecom.fr\/?page_id=41","name":"SECURITE R\u00c9SEAU - Infolabs Telecom","isPartOf":{"@id":"https:\/\/www.infolabs-telecom.fr\/#website"},"primaryImageOfPage":{"@id":"https:\/\/www.infolabs-telecom.fr\/?page_id=41#primaryimage"},"image":{"@id":"https:\/\/www.infolabs-telecom.fr\/?page_id=41#primaryimage"},"thumbnailUrl":"https:\/\/www.infolabs-telecom.fr\/wp-content\/uploads\/2019\/03\/Logo-6.png","datePublished":"2019-04-04T21:47:58+00:00","dateModified":"2020-09-23T16:05:14+00:00","breadcrumb":{"@id":"https:\/\/www.infolabs-telecom.fr\/?page_id=41#breadcrumb"},"inLanguage":"fr-FR","potentialAction":[{"@type":"ReadAction","target":["https:\/\/www.infolabs-telecom.fr\/?page_id=41"]}]},{"@type":"ImageObject","inLanguage":"fr-FR","@id":"https:\/\/www.infolabs-telecom.fr\/?page_id=41#primaryimage","url":"https:\/\/www.infolabs-telecom.fr\/wp-content\/uploads\/2019\/03\/Logo-6.png","contentUrl":"https:\/\/www.infolabs-telecom.fr\/wp-content\/uploads\/2019\/03\/Logo-6.png","width":2500,"height":2500},{"@type":"BreadcrumbList","@id":"https:\/\/www.infolabs-telecom.fr\/?page_id=41#breadcrumb","itemListElement":[{"@type":"ListItem","position":1,"name":"Accueil","item":"https:\/\/www.infolabs-telecom.fr\/"},{"@type":"ListItem","position":2,"name":"SECURITE R\u00c9SEAU"}]},{"@type":"WebSite","@id":"https:\/\/www.infolabs-telecom.fr\/#website","url":"https:\/\/www.infolabs-telecom.fr\/","name":"Infolabs Telecom","description":"Votre int\u00e9grateur de solutions d&#039;entreprise","publisher":{"@id":"https:\/\/www.infolabs-telecom.fr\/#organization"},"potentialAction":[{"@type":"SearchAction","target":{"@type":"EntryPoint","urlTemplate":"https:\/\/www.infolabs-telecom.fr\/?s={search_term_string}"},"query-input":"required name=search_term_string"}],"inLanguage":"fr-FR"},{"@type":"Organization","@id":"https:\/\/www.infolabs-telecom.fr\/#organization","name":"Infolabs telecom","url":"https:\/\/www.infolabs-telecom.fr\/","logo":{"@type":"ImageObject","inLanguage":"fr-FR","@id":"https:\/\/www.infolabs-telecom.fr\/#\/schema\/logo\/image\/","url":"https:\/\/infolabs-telecom.fr\/wp-content\/uploads\/2019\/10\/Logo-6-1024x1024.png","contentUrl":"https:\/\/infolabs-telecom.fr\/wp-content\/uploads\/2019\/10\/Logo-6-1024x1024.png","width":1024,"height":1024,"caption":"Infolabs telecom"},"image":{"@id":"https:\/\/www.infolabs-telecom.fr\/#\/schema\/logo\/image\/"},"sameAs":["https:\/\/www.linkedin.com\/in\/steeve-lenenn-51198b163"]}]}},"_links":{"self":[{"href":"https:\/\/www.infolabs-telecom.fr\/index.php?rest_route=\/wp\/v2\/pages\/41"}],"collection":[{"href":"https:\/\/www.infolabs-telecom.fr\/index.php?rest_route=\/wp\/v2\/pages"}],"about":[{"href":"https:\/\/www.infolabs-telecom.fr\/index.php?rest_route=\/wp\/v2\/types\/page"}],"author":[{"embeddable":true,"href":"https:\/\/www.infolabs-telecom.fr\/index.php?rest_route=\/wp\/v2\/users\/1"}],"replies":[{"embeddable":true,"href":"https:\/\/www.infolabs-telecom.fr\/index.php?rest_route=%2Fwp%2Fv2%2Fcomments&post=41"}],"version-history":[{"count":16,"href":"https:\/\/www.infolabs-telecom.fr\/index.php?rest_route=\/wp\/v2\/pages\/41\/revisions"}],"predecessor-version":[{"id":565,"href":"https:\/\/www.infolabs-telecom.fr\/index.php?rest_route=\/wp\/v2\/pages\/41\/revisions\/565"}],"wp:featuredmedia":[{"embeddable":true,"href":"https:\/\/www.infolabs-telecom.fr\/index.php?rest_route=\/wp\/v2\/media\/33"}],"wp:attachment":[{"href":"https:\/\/www.infolabs-telecom.fr\/index.php?rest_route=%2Fwp%2Fv2%2Fmedia&parent=41"}],"curies":[{"name":"wp","href":"https:\/\/api.w.org\/{rel}","templated":true}]}}