{"id":515,"date":"2019-12-16T09:45:30","date_gmt":"2019-12-16T08:45:30","guid":{"rendered":"https:\/\/infolabs-telecom.fr\/?page_id=515"},"modified":"2020-01-01T21:32:44","modified_gmt":"2020-01-01T20:32:44","slug":"operateur","status":"publish","type":"page","link":"https:\/\/www.infolabs-telecom.fr\/?page_id=515","title":{"rendered":"OPERATEUR"},"content":{"rendered":"\n<p class=\"has-text-color has-text-align-center has-vivid-green-cyan-color\"> <strong>L\u2019annonce de l\u2019arr\u00eat du RTC par  Orange va amener toutes les entreprises \u00e0 \u00e9voluer vers de nouvelles  solutions de Voix sur IP, transformant la t\u00e9l\u00e9phonie traditionnelle en  offrant de nouveaux services, et donc \u00e0 s&rsquo;affranchir des techniques  traditionnelles de commutation. Une opportunit\u00e9 pour ces entreprises  d&rsquo;adopter de nouvelles fonctionnalit\u00e9s de communication, propices \u00e0  l&rsquo;am\u00e9lioration de leurs \u00e9changes quotidiens.<\/strong> <\/p>\n\n\n\n<p class=\"has-text-color has-vivid-cyan-blue-color\"><strong> Leader du SIP en France, OpenIP s\u2019est assur\u00e9 de la parfaite  interop\u00e9rabilit\u00e9 entre ses plateformes de Trunk SIP et les iPBX Wildix,  h\u00e9berg\u00e9s ou install\u00e9s sur site.&nbsp;<\/strong> <\/p>\n\n\n\n<div class=\"wp-block-image\"><figure class=\"alignright\"><img loading=\"lazy\" decoding=\"async\" width=\"297\" height=\"170\" src=\"https:\/\/infolabs-telecom.fr\/wp-content\/uploads\/2019\/12\/images.jpg\" alt=\"\" class=\"wp-image-525\"\/><\/figure><\/div>\n\n\n\n<div class=\"wp-block-image\"><figure class=\"aligncenter\"><img loading=\"lazy\" decoding=\"async\" width=\"399\" height=\"126\" src=\"https:\/\/infolabs-telecom.fr\/wp-content\/uploads\/2019\/12\/index3.jpg\" alt=\"\" class=\"wp-image-526\" srcset=\"https:\/\/www.infolabs-telecom.fr\/wp-content\/uploads\/2019\/12\/index3.jpg 399w, https:\/\/www.infolabs-telecom.fr\/wp-content\/uploads\/2019\/12\/index3-300x95.jpg 300w\" sizes=\"(max-width: 399px) 100vw, 399px\" \/><\/figure><\/div>\n\n\n\n<div class=\"wp-block-image\"><figure class=\"alignright\"><img loading=\"lazy\" decoding=\"async\" width=\"283\" height=\"178\" src=\"https:\/\/infolabs-telecom.fr\/wp-content\/uploads\/2019\/12\/index.jpg\" alt=\"\" class=\"wp-image-527\"\/><\/figure><\/div>\n\n\n\n<div class=\"wp-block-image\"><figure class=\"aligncenter\"><img loading=\"lazy\" decoding=\"async\" width=\"1024\" height=\"431\" src=\"https:\/\/infolabs-telecom.fr\/wp-content\/uploads\/2019\/12\/schema_myopenip_bis-1024x431.png\" alt=\"\" class=\"wp-image-528\" srcset=\"https:\/\/www.infolabs-telecom.fr\/wp-content\/uploads\/2019\/12\/schema_myopenip_bis-1024x431.png 1024w, https:\/\/www.infolabs-telecom.fr\/wp-content\/uploads\/2019\/12\/schema_myopenip_bis-300x126.png 300w, https:\/\/www.infolabs-telecom.fr\/wp-content\/uploads\/2019\/12\/schema_myopenip_bis-768x323.png 768w, https:\/\/www.infolabs-telecom.fr\/wp-content\/uploads\/2019\/12\/schema_myopenip_bis.png 1200w\" sizes=\"(max-width: 1024px) 100vw, 1024px\" \/><\/figure><\/div>\n\n\n\n<div class=\"wp-block-image\"><figure class=\"alignleft size-large\"><a href=\"https:\/\/www.openip.fr\/\"><img loading=\"lazy\" decoding=\"async\" width=\"393\" height=\"128\" src=\"https:\/\/infolabs-telecom.fr\/wp-content\/uploads\/2019\/12\/index.png\" alt=\"\" class=\"wp-image-522\" srcset=\"https:\/\/www.infolabs-telecom.fr\/wp-content\/uploads\/2019\/12\/index.png 393w, https:\/\/www.infolabs-telecom.fr\/wp-content\/uploads\/2019\/12\/index-300x98.png 300w\" sizes=\"(max-width: 393px) 100vw, 393px\" \/><\/a><figcaption>Site internet d&rsquo;Open Ip<\/figcaption><\/figure><\/div>\n\n\n<div class=\"wpforms-container wpforms-container-full wpforms-block\" id=\"wpforms-547\"><form id=\"wpforms-form-547\" class=\"wpforms-validate wpforms-form\" data-formid=\"547\" method=\"post\" enctype=\"multipart\/form-data\" action=\"\/index.php?rest_route=%2Fwp%2Fv2%2Fpages%2F515\" data-token=\"8c00ceb00361466c479930a538a1ad63\"><noscript class=\"wpforms-error-noscript\">Veuillez activer JavaScript dans votre navigateur pour remplir ce formulaire.<\/noscript><div class=\"wpforms-field-container\"><div id=\"wpforms-547-field_0-container\" class=\"wpforms-field wpforms-field-name\" data-field-id=\"0\"><label class=\"wpforms-field-label\" for=\"wpforms-547-field_0\">Soci\u00e9t\u00e9 ou nom pr\u00e9nom <span class=\"wpforms-required-label\">*<\/span><\/label><input type=\"text\" id=\"wpforms-547-field_0\" class=\"wpforms-field-large wpforms-field-required\" name=\"wpforms[fields][0]\" required><\/div><div id=\"wpforms-547-field_1-container\" class=\"wpforms-field wpforms-field-email\" data-field-id=\"1\"><label class=\"wpforms-field-label\" for=\"wpforms-547-field_1\">Email <span class=\"wpforms-required-label\">*<\/span><\/label><input type=\"email\" id=\"wpforms-547-field_1\" class=\"wpforms-field-large wpforms-field-required\" name=\"wpforms[fields][1]\" spellcheck=\"false\" required><\/div><div id=\"wpforms-547-field_3-container\" class=\"wpforms-field wpforms-field-email\" data-field-id=\"3\"><label class=\"wpforms-field-label\" for=\"wpforms-547-field_3\">Num\u00e9ro de ligne support pour les abonnements ADSL, SDSL et VDSL (Attention!! ce n&#039;est pas forc\u00e9ment votre num\u00e9ro de t\u00e9l\u00e9phone fixe, il est g\u00e9n\u00e9ralement sur vos factures). <span class=\"wpforms-required-label\">*<\/span><\/label><input type=\"email\" id=\"wpforms-547-field_3\" class=\"wpforms-field-large wpforms-field-required\" name=\"wpforms[fields][3]\" spellcheck=\"false\" required><\/div><div id=\"wpforms-547-field_8-container\" class=\"wpforms-field wpforms-field-email\" data-field-id=\"8\"><label class=\"wpforms-field-label\" for=\"wpforms-547-field_8\">Num\u00e9ro t\u00e9l\u00e9phone fixe ou adresse pour les abonnements fibre. <span class=\"wpforms-required-label\">*<\/span><\/label><input type=\"email\" id=\"wpforms-547-field_8\" class=\"wpforms-field-medium wpforms-field-required\" name=\"wpforms[fields][8]\" spellcheck=\"false\" required><\/div><div id=\"wpforms-547-field_2-container\" class=\"wpforms-field wpforms-field-textarea\" data-field-id=\"2\"><label class=\"wpforms-field-label\" for=\"wpforms-547-field_2\">Avez-vous des attentes particuli\u00e8res ?<\/label><textarea id=\"wpforms-547-field_2\" class=\"wpforms-field-large\" name=\"wpforms[fields][2]\" ><\/textarea><\/div><div id=\"wpforms-547-field_4-container\" class=\"wpforms-field wpforms-field-checkbox\" data-field-id=\"4\"><label class=\"wpforms-field-label\" for=\"wpforms-547-field_4\">Quel type d&#039;offre avez-vous actuellement ? <span class=\"wpforms-required-label\">*<\/span><\/label><ul id=\"wpforms-547-field_4\" class=\"wpforms-field-required\"><li class=\"choice-1 depth-1\"><input type=\"checkbox\" id=\"wpforms-547-field_4_1\" name=\"wpforms[fields][4][]\" value=\"ADSL\" required ><label class=\"wpforms-field-label-inline\" for=\"wpforms-547-field_4_1\">ADSL<\/label><\/li><li class=\"choice-2 depth-1\"><input type=\"checkbox\" id=\"wpforms-547-field_4_2\" name=\"wpforms[fields][4][]\" value=\"SDSL\" required ><label class=\"wpforms-field-label-inline\" for=\"wpforms-547-field_4_2\">SDSL<\/label><\/li><li class=\"choice-3 depth-1\"><input type=\"checkbox\" id=\"wpforms-547-field_4_3\" name=\"wpforms[fields][4][]\" value=\"VDSL\" required ><label class=\"wpforms-field-label-inline\" for=\"wpforms-547-field_4_3\">VDSL<\/label><\/li><li class=\"choice-4 depth-1\"><input type=\"checkbox\" id=\"wpforms-547-field_4_4\" name=\"wpforms[fields][4][]\" value=\"FIbre optique\" required ><label class=\"wpforms-field-label-inline\" for=\"wpforms-547-field_4_4\">FIbre optique<\/label><\/li><\/ul><\/div><div id=\"wpforms-547-field_5-container\" class=\"wpforms-field wpforms-field-checkbox wpforms-list-3-columns\" data-field-id=\"5\"><label class=\"wpforms-field-label\" for=\"wpforms-547-field_5\">Chez quel op\u00e9rateur \u00eates vous actuellement ? <span class=\"wpforms-required-label\">*<\/span><\/label><ul id=\"wpforms-547-field_5\" class=\"wpforms-field-required\"><li class=\"choice-1 depth-1\"><input type=\"checkbox\" id=\"wpforms-547-field_5_1\" name=\"wpforms[fields][5][]\" value=\"Orange\" required ><label class=\"wpforms-field-label-inline\" for=\"wpforms-547-field_5_1\">Orange<\/label><\/li><li class=\"choice-2 depth-1\"><input type=\"checkbox\" id=\"wpforms-547-field_5_2\" name=\"wpforms[fields][5][]\" value=\"SFR\" required ><label class=\"wpforms-field-label-inline\" for=\"wpforms-547-field_5_2\">SFR<\/label><\/li><li class=\"choice-3 depth-1\"><input type=\"checkbox\" id=\"wpforms-547-field_5_3\" name=\"wpforms[fields][5][]\" value=\"Bouygues\" required ><label class=\"wpforms-field-label-inline\" for=\"wpforms-547-field_5_3\">Bouygues<\/label><\/li><li class=\"choice-4 depth-1\"><input type=\"checkbox\" id=\"wpforms-547-field_5_4\" name=\"wpforms[fields][5][]\" value=\"Keyyo\" required ><label class=\"wpforms-field-label-inline\" for=\"wpforms-547-field_5_4\">Keyyo<\/label><\/li><li class=\"choice-5 depth-1\"><input type=\"checkbox\" id=\"wpforms-547-field_5_5\" name=\"wpforms[fields][5][]\" value=\"Ooreka\" required ><label class=\"wpforms-field-label-inline\" for=\"wpforms-547-field_5_5\">Ooreka<\/label><\/li><li class=\"choice-6 depth-1\"><input type=\"checkbox\" id=\"wpforms-547-field_5_6\" name=\"wpforms[fields][5][]\" value=\"Colt\" required ><label class=\"wpforms-field-label-inline\" for=\"wpforms-547-field_5_6\">Colt<\/label><\/li><li class=\"choice-7 depth-1\"><input type=\"checkbox\" id=\"wpforms-547-field_5_7\" name=\"wpforms[fields][5][]\" value=\"Ariane Network\" required ><label class=\"wpforms-field-label-inline\" for=\"wpforms-547-field_5_7\">Ariane Network<\/label><\/li><li class=\"choice-8 depth-1\"><input type=\"checkbox\" id=\"wpforms-547-field_5_8\" name=\"wpforms[fields][5][]\" value=\"Completel\" required ><label class=\"wpforms-field-label-inline\" for=\"wpforms-547-field_5_8\">Completel<\/label><\/li><li class=\"choice-11 depth-1\"><input type=\"checkbox\" id=\"wpforms-547-field_5_11\" name=\"wpforms[fields][5][]\" value=\"Autre (Mettre dans la description)\" required ><label class=\"wpforms-field-label-inline\" for=\"wpforms-547-field_5_11\">Autre (Mettre dans la description)<\/label><\/li><li class=\"choice-9 depth-1\"><input type=\"checkbox\" id=\"wpforms-547-field_5_9\" name=\"wpforms[fields][5][]\" value=\"OVH\" required ><label class=\"wpforms-field-label-inline\" for=\"wpforms-547-field_5_9\">OVH<\/label><\/li><li class=\"choice-10 depth-1\"><input type=\"checkbox\" id=\"wpforms-547-field_5_10\" name=\"wpforms[fields][5][]\" value=\"Alpha Link\" required ><label class=\"wpforms-field-label-inline\" for=\"wpforms-547-field_5_10\">Alpha Link<\/label><\/li><\/ul><\/div><div id=\"wpforms-547-field_6-container\" class=\"wpforms-field wpforms-field-checkbox\" data-field-id=\"6\"><label class=\"wpforms-field-label\" for=\"wpforms-547-field_6\">Quel type d&#039;offre de t\u00e9l\u00e9phonie fixe avez-vous ? <span class=\"wpforms-required-label\">*<\/span><\/label><ul id=\"wpforms-547-field_6\" class=\"wpforms-field-required\"><li class=\"choice-1 depth-1\"><input type=\"checkbox\" id=\"wpforms-547-field_6_1\" name=\"wpforms[fields][6][]\" value=\"Ligne analogique (RTC)\" required ><label class=\"wpforms-field-label-inline\" for=\"wpforms-547-field_6_1\">Ligne analogique (RTC)<\/label><\/li><li class=\"choice-2 depth-1\"><input type=\"checkbox\" id=\"wpforms-547-field_6_2\" name=\"wpforms[fields][6][]\" value=\"Lignes num\u00e9ris (RNIS, ISDN, T0, T2, Etc...)\" required ><label class=\"wpforms-field-label-inline\" for=\"wpforms-547-field_6_2\">Lignes num\u00e9ris (RNIS, ISDN, T0, T2, Etc&#8230;)<\/label><\/li><li class=\"choice-3 depth-1\"><input type=\"checkbox\" id=\"wpforms-547-field_6_3\" name=\"wpforms[fields][6][]\" value=\"Compte SIP\" required ><label class=\"wpforms-field-label-inline\" for=\"wpforms-547-field_6_3\">Compte SIP<\/label><\/li><\/ul><\/div><\/div><!-- .wpforms-field-container --><div class=\"wpforms-field wpforms-field-hp\"><label for=\"wpforms-547-field-hp\" class=\"wpforms-field-label\">Phone<\/label><input type=\"text\" name=\"wpforms[hp]\" id=\"wpforms-547-field-hp\" class=\"wpforms-field-medium\"><\/div><div class=\"wpforms-submit-container\" ><input type=\"hidden\" name=\"wpforms[id]\" value=\"547\"><input type=\"hidden\" name=\"wpforms[author]\" value=\"1\"><button type=\"submit\" name=\"wpforms[submit]\" id=\"wpforms-submit-547\" class=\"wpforms-submit button color1\" data-alt-text=\"Envoi en cours\" data-submit-text=\"Envoyer\" aria-live=\"assertive\" value=\"wpforms-submit\">Envoyer<\/button><\/div><\/form><\/div>  <!-- .wpforms-container -->","protected":false},"excerpt":{"rendered":"<p>L\u2019annonce de l\u2019arr\u00eat du RTC par Orange va amener toutes les entreprises \u00e0 \u00e9voluer vers de nouvelles solutions de Voix sur IP, transformant la t\u00e9l\u00e9phonie traditionnelle en offrant de nouveaux services, et donc \u00e0 s&rsquo;affranchir des techniques traditionnelles de commutation. Une opportunit\u00e9 pour ces entreprises d&rsquo;adopter de nouvelles fonctionnalit\u00e9s de communication, propices \u00e0 l&rsquo;am\u00e9lioration de&hellip; <br \/> <a class=\"read-more\" href=\"https:\/\/www.infolabs-telecom.fr\/?page_id=515\">Lire la suite<\/a><\/p>\n","protected":false},"author":1,"featured_media":0,"parent":0,"menu_order":0,"comment_status":"closed","ping_status":"closed","template":"","meta":{"_exactmetrics_skip_tracking":false,"_exactmetrics_sitenote_active":false,"_exactmetrics_sitenote_note":"","_exactmetrics_sitenote_category":0,"footnotes":""},"yoast_head":"<!-- This site is optimized with the Yoast SEO plugin v22.2 - https:\/\/yoast.com\/wordpress\/plugins\/seo\/ -->\n<title>OPERATEUR - Infolabs Telecom<\/title>\n<meta name=\"robots\" content=\"index, follow, max-snippet:-1, max-image-preview:large, max-video-preview:-1\" \/>\n<link rel=\"canonical\" href=\"https:\/\/www.infolabs-telecom.fr\/?page_id=515\" \/>\n<meta property=\"og:locale\" content=\"fr_FR\" \/>\n<meta property=\"og:type\" content=\"article\" \/>\n<meta property=\"og:title\" content=\"OPERATEUR - Infolabs Telecom\" \/>\n<meta property=\"og:description\" content=\"L\u2019annonce de l\u2019arr\u00eat du RTC par Orange va amener toutes les entreprises \u00e0 \u00e9voluer vers de nouvelles solutions de Voix sur IP, transformant la t\u00e9l\u00e9phonie traditionnelle en offrant de nouveaux services, et donc \u00e0 s&rsquo;affranchir des techniques traditionnelles de commutation. Une opportunit\u00e9 pour ces entreprises d&rsquo;adopter de nouvelles fonctionnalit\u00e9s de communication, propices \u00e0 l&rsquo;am\u00e9lioration de&hellip; Lire la suite\" \/>\n<meta property=\"og:url\" content=\"https:\/\/www.infolabs-telecom.fr\/?page_id=515\" \/>\n<meta property=\"og:site_name\" content=\"Infolabs Telecom\" \/>\n<meta property=\"article:modified_time\" content=\"2020-01-01T20:32:44+00:00\" \/>\n<meta property=\"og:image\" content=\"https:\/\/infolabs-telecom.fr\/wp-content\/uploads\/2019\/12\/images.jpg\" \/>\n<meta name=\"twitter:card\" content=\"summary_large_image\" \/>\n<script type=\"application\/ld+json\" class=\"yoast-schema-graph\">{\"@context\":\"https:\/\/schema.org\",\"@graph\":[{\"@type\":\"WebPage\",\"@id\":\"https:\/\/www.infolabs-telecom.fr\/?page_id=515\",\"url\":\"https:\/\/www.infolabs-telecom.fr\/?page_id=515\",\"name\":\"OPERATEUR - Infolabs Telecom\",\"isPartOf\":{\"@id\":\"https:\/\/www.infolabs-telecom.fr\/#website\"},\"primaryImageOfPage\":{\"@id\":\"https:\/\/www.infolabs-telecom.fr\/?page_id=515#primaryimage\"},\"image\":{\"@id\":\"https:\/\/www.infolabs-telecom.fr\/?page_id=515#primaryimage\"},\"thumbnailUrl\":\"https:\/\/infolabs-telecom.fr\/wp-content\/uploads\/2019\/12\/images.jpg\",\"datePublished\":\"2019-12-16T08:45:30+00:00\",\"dateModified\":\"2020-01-01T20:32:44+00:00\",\"breadcrumb\":{\"@id\":\"https:\/\/www.infolabs-telecom.fr\/?page_id=515#breadcrumb\"},\"inLanguage\":\"fr-FR\",\"potentialAction\":[{\"@type\":\"ReadAction\",\"target\":[\"https:\/\/www.infolabs-telecom.fr\/?page_id=515\"]}]},{\"@type\":\"ImageObject\",\"inLanguage\":\"fr-FR\",\"@id\":\"https:\/\/www.infolabs-telecom.fr\/?page_id=515#primaryimage\",\"url\":\"https:\/\/infolabs-telecom.fr\/wp-content\/uploads\/2019\/12\/images.jpg\",\"contentUrl\":\"https:\/\/infolabs-telecom.fr\/wp-content\/uploads\/2019\/12\/images.jpg\"},{\"@type\":\"BreadcrumbList\",\"@id\":\"https:\/\/www.infolabs-telecom.fr\/?page_id=515#breadcrumb\",\"itemListElement\":[{\"@type\":\"ListItem\",\"position\":1,\"name\":\"Accueil\",\"item\":\"https:\/\/www.infolabs-telecom.fr\/\"},{\"@type\":\"ListItem\",\"position\":2,\"name\":\"OPERATEUR\"}]},{\"@type\":\"WebSite\",\"@id\":\"https:\/\/www.infolabs-telecom.fr\/#website\",\"url\":\"https:\/\/www.infolabs-telecom.fr\/\",\"name\":\"Infolabs Telecom\",\"description\":\"Votre int\u00e9grateur de solutions d&#039;entreprise\",\"publisher\":{\"@id\":\"https:\/\/www.infolabs-telecom.fr\/#organization\"},\"potentialAction\":[{\"@type\":\"SearchAction\",\"target\":{\"@type\":\"EntryPoint\",\"urlTemplate\":\"https:\/\/www.infolabs-telecom.fr\/?s={search_term_string}\"},\"query-input\":\"required name=search_term_string\"}],\"inLanguage\":\"fr-FR\"},{\"@type\":\"Organization\",\"@id\":\"https:\/\/www.infolabs-telecom.fr\/#organization\",\"name\":\"Infolabs telecom\",\"url\":\"https:\/\/www.infolabs-telecom.fr\/\",\"logo\":{\"@type\":\"ImageObject\",\"inLanguage\":\"fr-FR\",\"@id\":\"https:\/\/www.infolabs-telecom.fr\/#\/schema\/logo\/image\/\",\"url\":\"https:\/\/infolabs-telecom.fr\/wp-content\/uploads\/2019\/10\/Logo-6-1024x1024.png\",\"contentUrl\":\"https:\/\/infolabs-telecom.fr\/wp-content\/uploads\/2019\/10\/Logo-6-1024x1024.png\",\"width\":1024,\"height\":1024,\"caption\":\"Infolabs telecom\"},\"image\":{\"@id\":\"https:\/\/www.infolabs-telecom.fr\/#\/schema\/logo\/image\/\"},\"sameAs\":[\"https:\/\/www.linkedin.com\/in\/steeve-lenenn-51198b163\"]}]}<\/script>\n<!-- \/ Yoast SEO plugin. -->","yoast_head_json":{"title":"OPERATEUR - Infolabs Telecom","robots":{"index":"index","follow":"follow","max-snippet":"max-snippet:-1","max-image-preview":"max-image-preview:large","max-video-preview":"max-video-preview:-1"},"canonical":"https:\/\/www.infolabs-telecom.fr\/?page_id=515","og_locale":"fr_FR","og_type":"article","og_title":"OPERATEUR - Infolabs Telecom","og_description":"L\u2019annonce de l\u2019arr\u00eat du RTC par Orange va amener toutes les entreprises \u00e0 \u00e9voluer vers de nouvelles solutions de Voix sur IP, transformant la t\u00e9l\u00e9phonie traditionnelle en offrant de nouveaux services, et donc \u00e0 s&rsquo;affranchir des techniques traditionnelles de commutation. Une opportunit\u00e9 pour ces entreprises d&rsquo;adopter de nouvelles fonctionnalit\u00e9s de communication, propices \u00e0 l&rsquo;am\u00e9lioration de&hellip; Lire la suite","og_url":"https:\/\/www.infolabs-telecom.fr\/?page_id=515","og_site_name":"Infolabs Telecom","article_modified_time":"2020-01-01T20:32:44+00:00","og_image":[{"url":"https:\/\/infolabs-telecom.fr\/wp-content\/uploads\/2019\/12\/images.jpg"}],"twitter_card":"summary_large_image","schema":{"@context":"https:\/\/schema.org","@graph":[{"@type":"WebPage","@id":"https:\/\/www.infolabs-telecom.fr\/?page_id=515","url":"https:\/\/www.infolabs-telecom.fr\/?page_id=515","name":"OPERATEUR - Infolabs Telecom","isPartOf":{"@id":"https:\/\/www.infolabs-telecom.fr\/#website"},"primaryImageOfPage":{"@id":"https:\/\/www.infolabs-telecom.fr\/?page_id=515#primaryimage"},"image":{"@id":"https:\/\/www.infolabs-telecom.fr\/?page_id=515#primaryimage"},"thumbnailUrl":"https:\/\/infolabs-telecom.fr\/wp-content\/uploads\/2019\/12\/images.jpg","datePublished":"2019-12-16T08:45:30+00:00","dateModified":"2020-01-01T20:32:44+00:00","breadcrumb":{"@id":"https:\/\/www.infolabs-telecom.fr\/?page_id=515#breadcrumb"},"inLanguage":"fr-FR","potentialAction":[{"@type":"ReadAction","target":["https:\/\/www.infolabs-telecom.fr\/?page_id=515"]}]},{"@type":"ImageObject","inLanguage":"fr-FR","@id":"https:\/\/www.infolabs-telecom.fr\/?page_id=515#primaryimage","url":"https:\/\/infolabs-telecom.fr\/wp-content\/uploads\/2019\/12\/images.jpg","contentUrl":"https:\/\/infolabs-telecom.fr\/wp-content\/uploads\/2019\/12\/images.jpg"},{"@type":"BreadcrumbList","@id":"https:\/\/www.infolabs-telecom.fr\/?page_id=515#breadcrumb","itemListElement":[{"@type":"ListItem","position":1,"name":"Accueil","item":"https:\/\/www.infolabs-telecom.fr\/"},{"@type":"ListItem","position":2,"name":"OPERATEUR"}]},{"@type":"WebSite","@id":"https:\/\/www.infolabs-telecom.fr\/#website","url":"https:\/\/www.infolabs-telecom.fr\/","name":"Infolabs Telecom","description":"Votre int\u00e9grateur de solutions d&#039;entreprise","publisher":{"@id":"https:\/\/www.infolabs-telecom.fr\/#organization"},"potentialAction":[{"@type":"SearchAction","target":{"@type":"EntryPoint","urlTemplate":"https:\/\/www.infolabs-telecom.fr\/?s={search_term_string}"},"query-input":"required name=search_term_string"}],"inLanguage":"fr-FR"},{"@type":"Organization","@id":"https:\/\/www.infolabs-telecom.fr\/#organization","name":"Infolabs telecom","url":"https:\/\/www.infolabs-telecom.fr\/","logo":{"@type":"ImageObject","inLanguage":"fr-FR","@id":"https:\/\/www.infolabs-telecom.fr\/#\/schema\/logo\/image\/","url":"https:\/\/infolabs-telecom.fr\/wp-content\/uploads\/2019\/10\/Logo-6-1024x1024.png","contentUrl":"https:\/\/infolabs-telecom.fr\/wp-content\/uploads\/2019\/10\/Logo-6-1024x1024.png","width":1024,"height":1024,"caption":"Infolabs telecom"},"image":{"@id":"https:\/\/www.infolabs-telecom.fr\/#\/schema\/logo\/image\/"},"sameAs":["https:\/\/www.linkedin.com\/in\/steeve-lenenn-51198b163"]}]}},"_links":{"self":[{"href":"https:\/\/www.infolabs-telecom.fr\/index.php?rest_route=\/wp\/v2\/pages\/515"}],"collection":[{"href":"https:\/\/www.infolabs-telecom.fr\/index.php?rest_route=\/wp\/v2\/pages"}],"about":[{"href":"https:\/\/www.infolabs-telecom.fr\/index.php?rest_route=\/wp\/v2\/types\/page"}],"author":[{"embeddable":true,"href":"https:\/\/www.infolabs-telecom.fr\/index.php?rest_route=\/wp\/v2\/users\/1"}],"replies":[{"embeddable":true,"href":"https:\/\/www.infolabs-telecom.fr\/index.php?rest_route=%2Fwp%2Fv2%2Fcomments&post=515"}],"version-history":[{"count":13,"href":"https:\/\/www.infolabs-telecom.fr\/index.php?rest_route=\/wp\/v2\/pages\/515\/revisions"}],"predecessor-version":[{"id":548,"href":"https:\/\/www.infolabs-telecom.fr\/index.php?rest_route=\/wp\/v2\/pages\/515\/revisions\/548"}],"wp:attachment":[{"href":"https:\/\/www.infolabs-telecom.fr\/index.php?rest_route=%2Fwp%2Fv2%2Fmedia&parent=515"}],"curies":[{"name":"wp","href":"https:\/\/api.w.org\/{rel}","templated":true}]}}